{"id":8,"date":"2019-06-17T08:37:42","date_gmt":"2019-06-17T08:37:42","guid":{"rendered":"http:\/\/noahsarklimos.com\/?page_id=8"},"modified":"2020-05-02T14:54:12","modified_gmt":"2020-05-02T14:54:12","slug":"technologie-erklart-kaufen-sie-drahtlose-kopfhorer-6-dinge-die-sie-wissen-mussen","status":"publish","type":"page","link":"https:\/\/noahsarklimos.com\/","title":{"rendered":"TECHNOLOGIE ERKL\u00c4RT Kaufen Sie drahtlose Kopfh\u00f6rer? 6 Dinge, die Sie wissen m\u00fcssen"},"content":{"rendered":"<body>\n<p>Apple hat 2016 die Kopfh\u00f6rerbuchse vom iPhone entfernt. Unternehmen wie Google, Motorola und HTC folgten kurz darauf. Pl\u00f6tzlich wurden einst kabellose Kopfh\u00f6rer in den Mainstream gesto\u00dfen.<\/p>\n\n\n\n<p>Der Kauf von Bluetooth-Kopfh\u00f6rern kann jedoch verwirrend sein. Von der Klangqualit\u00e4t bis zum Einrichten funktioniert jedes Modell anders. Es gibt viel zu verstehen, also lasst uns anfangen.<\/p>\n\n\n\n<h3 class=\"wp-block-heading\">Arten von Wireless in Kopfh\u00f6rern<\/h3>\n\n\n\n<p>Wenn Sie an drahtlose Kopfh\u00f6rer denken, denken Sie wahrscheinlich an Bluetooth-Kopfh\u00f6rer (es gibt jetzt sogar wirklich drahtlose Ohrh\u00f6rer). Wenn Ihr Handy keinen Kopfh\u00f6reranschluss hat, dann ist Bluetooth die beste Option, um Musik zu h\u00f6ren.<\/p>\n\n\n\n<p>Ihre andere Wahl ist die Verwendung eines USB-C-Kopfh\u00f6rer-Dongles. Das ist eine unordentlichere L\u00f6sung und wird immer schlimmer, wenn Sie Ihr Handy gleichzeitig aufladen m\u00fcssen.<\/p>\n\n\n\n<p>Bluetooth ist praktisch, da es in allen mobilen Ger\u00e4ten sowie in einer wachsenden Anzahl anderer elektronischer Ger\u00e4te unterst\u00fctzt wird. Er hat eine Reichweite von etwa 32 Fu\u00df und ist ziemlich energieeffizient.<\/p>\n\n\n\n<div class=\"wp-block-image\"><figure class=\"aligncenter\"><img data-recalc-dims=\"1\" decoding=\"async\" src=\"https:\/\/i0.wp.com\/static.makeuseof.com\/wp-content\/uploads\/2018\/09\/Momentum_True_Wireless_Bundle_Isotop_RGB_red.jpg?w=640&#038;ssl=1\" alt=\"Sennheiser true wireless earbuds\" loading=\"lazy\"><\/figure><\/div>\n\n\n\n<p>Es verbessert sich auch schnell, dank der Ma\u00dfnahme, die Kopfh\u00f6rerbuchsen abzuschalten.<\/p>\n\n\n\n<p>Es gibt noch eine Reihe anderer, \u00e4lterer drahtloser Kopfh\u00f6rertechnologien, die noch im Einsatz sind. Beide werden meist f\u00fcr den Fernseher verwendet, und beide ben\u00f6tigen einen separaten Sender. Infrarot ist heute recht selten und erfordert eine Sichtverbindung zwischen Kopfh\u00f6rer und Sender.<\/p>\n\n\n\n<p>Die Funkfrequenz, wie sie in Produkten wie dem Sennheiser RS120 zu finden ist, ist leistungsf\u00e4higer.<\/p>\n\n\n\n<p>Es kann in einer Reichweite von bis zu 150 Fu\u00df arbeiten, und das Signal kann durch W\u00e4nde gehen, so dass es sowohl f\u00fcr eine Heimstereoanlage als auch f\u00fcr einen Fernseher geeignet ist. Es ist jedoch anf\u00e4llig f\u00fcr St\u00f6rungen und ist nicht so sicher wie Bluetooth. Erfahren Sie mehr \u00fcber Kopfh\u00f6rer unter  bestekopfh\u00f6rer.de.<\/p>\n\n\n\n<p>Viele moderne Fernseher bieten heute Bluetooth als Standard an. Wenn nicht, k\u00f6nnen Sie ganz einfach einen Bluetooth-Sender hinzuf\u00fcgen.<\/p>\n\n\n\n<h3 class=\"wp-block-heading\">Bluetooth und Tonqualit\u00e4t<\/h3>\n\n\n\n<p>Die Klangqualit\u00e4t, die Sie auf Ihren Bluetooth-Kopfh\u00f6rern erhalten, h\u00e4ngt davon ab, welchen Audiocodec sie verwenden. Der Codec ist eine Software, die das Audio an einem Ende kodiert und am anderen Ende dekodiert. Sowohl Ihr Audioplayer als auch Ihre Kopfh\u00f6rer m\u00fcssen dies unterst\u00fctzen.<\/p>\n\n\n\n<h3 class=\"wp-block-heading\">SBC<\/h3>\n\n\n\n<p>Fr\u00fche Versionen von Bluetooth komprimierten Audio sehr stark und erzeugten einen harten, digitalen Sound.<\/p>\n\n\n\n<p>Der Schritt zur Qualit\u00e4tsverbesserung begann mit der Einf\u00fchrung des Advanced Audio Distribution Profile (A2DP). Dies erm\u00f6glichte das Streaming von hochwertigem Stereo-Audio \u00fcber den SBC-Codec. Es ist jetzt praktisch der Standard.<\/p>\n\n\n\n<p>Ein Bericht 2014 von SoundExpert, einer Pr\u00fcfstelle f\u00fcr Audioqualit\u00e4t, kam zu dem Schluss, dass SBC mit der h\u00f6chstm\u00f6glichen Bitrate von 372 KBit\/s mit einer AAC-Datei vergleichbar ist, die mit 192 KBit\/s kodiert ist, und dass \u201cdie meisten Artefakte, die es produziert, au\u00dferhalb der menschlichen Wahrnehmung liegen\u201d. Es wird jedoch meist bei niedrigeren Bitraten verwendet, so dass es nicht immer die beste Qualit\u00e4t ist.<\/p>\n\n\n\n<h4 class=\"wp-block-heading\">aptX<\/h4>\n\n\n\n<p>Der n\u00e4chste Schritt nach oben ist aptX. Die meisten Android-Ger\u00e4te der letzten Jahre unterst\u00fctzen diesen Codec. Es liefert eine \u201cCD-\u00e4hnliche\u201d Leistung bei einer Bitrate von 352Kbps mit geringerer Latenz. Dabei wird komprimiertes Audio verwendet.<\/p>\n\n\n\n<div class=\"wp-block-image\"><figure class=\"aligncenter\"><img data-recalc-dims=\"1\" decoding=\"async\" src=\"https:\/\/i0.wp.com\/static.makeuseof.com\/wp-content\/uploads\/2018\/09\/apple-airpods-open_01.jpg?w=640&#038;ssl=1\" alt=\"airpods charging case\" loading=\"lazy\"><\/figure><\/div>\n\n\n\n<p>Eine kleine, aber wachsende Anzahl von Ger\u00e4ten unterst\u00fctzt aptX HD, darunter der Galaxy Note 9, OnePlus 5T und LG V30. Es erfordert spezielle Hardware, so dass es keine M\u00f6glichkeit zum Upgrade gibt, wenn Ihr Ger\u00e4t dies nicht unterst\u00fctzt.<\/p>\n\n\n\n<h4 class=\"wp-block-heading\">AAC<\/h4>\n\n\n\n<p>Apple unterst\u00fctzt aptX auf dem iPhone oder iPad nicht. Stattdessen verwendet es AAC, eine erweiterte Variante des SBC. Es verwendet eine niedrigere Bitrate (256Kbps), aber die Effizienz des Codecs macht es vergleichbar mit aptX, wenn nicht sogar besser. Die Verwendung von AAC-kompatiblen Kopfh\u00f6rern mit einer AAC-Quelle (wie Apple Music) reduziert zudem die Beeintr\u00e4chtigung der Klangqualit\u00e4t.<\/p>\n\n\n\n<h4 class=\"wp-block-heading\">Latenz<\/h4>\n\n\n\n<p>Wir haben die Latenz erw\u00e4hnt; dies ist ein gro\u00dfes Problem bei Bluetooth-Kopfh\u00f6rern.<\/p>\n\n\n\n<p>Latenz ist die kurze Verz\u00f6gerung zwischen dem Senden eines Audiosignals und dem Zeitpunkt, an dem Sie es h\u00f6ren k\u00f6nnen. Sie werden es beim H\u00f6ren von Musik nicht bemerken, aber wenn Sie ein Video ansehen oder ein Spiel spielen, kann es dazu f\u00fchren, dass der Ton nicht mit dem Bild synchron ist.<\/p>\n\n\n\n<p>Die Latenzzeit variiert je nach Hardware- und Software-Setup. aptX HD hat die Latenzzeit im Vergleich zu den \u00e4lteren Codecs deutlich reduziert. Apples Einsatz von AAC mit den Airpods hat es auf ein kaum wahrnehmbares Ma\u00df reduziert.<\/p>\n\n\n\n<h4 class=\"wp-block-heading\">Akkulaufzeit f\u00fcr drahtlose Kopfh\u00f6rer<\/h4>\n\n\n\n<p>Bluetooth-Kopfh\u00f6rer werden von einem eigenen, eingebauten Akku mit Strom versorgt.<\/p>\n\n\n\n<p>Over-Ear Bluetooth-Kopfh\u00f6rer bieten Platz f\u00fcr eine gro\u00dfe Batterie, die \u00fcber ein USB-Kabel aufgeladen wird. Sie sollten nach 20 bis 30 Stunden Akkulaufzeit suchen \u2013 der JBL Everest zum Beispiel verspricht bis zu 25 Stunden.<\/p>\n\n\n\n<p>Bluetooth Ohrh\u00f6rer haben eine k\u00fcrzere Akkulaufzeit. Diejenigen, die ein Kabel verwenden, um die beiden Knospen zu verbinden, k\u00f6nnen in der Regel etwa acht Stunden anbieten und \u00fcber ein USB-Kabel aufladen. Echte kabellose Ohrh\u00f6rer, bei denen beide Teile getrennt sind, sind f\u00fcr etwa drei bis f\u00fcnf Stunden geeignet. Sie werden mit einem speziellen Ladekoffer geliefert, der die Ladung auch dann auff\u00fcllt, wenn Sie die Knospen nicht benutzen.<\/p>\n\n\n\n<p>Denken Sie daran, dass die Lautst\u00e4rke die Akkulaufzeit beeinflusst. Je lauter Ihre Musik ist, desto k\u00fcrzer ist die Lebensdauer der Batterie. Die Angaben zur Akkulaufzeit auf den Datenbl\u00e4ttern der Hersteller spiegeln eher optimale Bedingungen als den tats\u00e4chlichen Gebrauch wider.<\/p>\n\n\n\n<h4 class=\"wp-block-heading\">Koppeln von Bluetooth-Kopfh\u00f6rern<\/h4>\n\n\n\n<p>Das Anschlie\u00dfen von Bluetooth-Kopfh\u00f6rern an ein Telefon oder ein anderes Ger\u00e4t kann so schnell wie das Anschlie\u00dfen erfolgen, oder es kann ziemlich frustrierend sein.<\/p>\n\n\n\n<p>Der W1-Chip in einigen Apple-Kopfh\u00f6rern hat die Kopplung auf einen Prozess von drei Sekunden reduziert. \u00d6ffnen Sie das Geh\u00e4use der AirPods (oder dr\u00fccken Sie eine Taste auf der Seite von Select Beats Kopfh\u00f6rern), tippen Sie auf eine Eingabeaufforderung auf dem Bildschirm, und schon sind Sie fertig.<\/p>\n\n\n\n<p>Android 6.0 und h\u00f6her bietet ein \u00e4hnlich schnelles System namens Fast Pair, wenn auch mit eingeschr\u00e4nkter Unterst\u00fctzung durch Headsets.<\/p>\n\n\n\n<p>Einige Kopfh\u00f6rer verwenden NFC, um die Kopplung zu beschleunigen. Dies ist eine drahtlose Technologie, die es Ger\u00e4ten erm\u00f6glicht, zu kommunizieren, indem sie sie nahe beieinander halten.<\/p>\n\n\n\n<p>In Verbindung mit einem NFC-f\u00e4higen Ger\u00e4t \u2013 zu dem viele Android-Smartphones, aber nicht das iPhone-geh\u00f6ren \u2013 k\u00f6nnen Sie die Kopfh\u00f6rer mit dem Ger\u00e4t koppeln, indem Sie sie einfach gegen das Ger\u00e4t schlagen.<\/p>\n\n\n\n<p>Wenn nichts davon f\u00fcr Sie funktioniert, m\u00fcssen Sie Ihre Kopfh\u00f6rer manuell koppeln. Dazu geh\u00f6ren das Auffinden der Bluetooth-Einstellungen auf Ihrem Ger\u00e4t, das Dr\u00fccken einer Taste auf den Kopfh\u00f6rern und die Eingabe eines Passworts bei Aufforderung (normalerweise 0000). Es ist langsamer und langwieriger, so dass Sie m\u00f6glicherweise das Handbuch lesen m\u00fcssen, um es richtig zu machen.<\/p>\n\n\n\n<h4 class=\"wp-block-heading\">Fernbedienungen f\u00fcr drahtlose Kopfh\u00f6rer<\/h4>\n\n\n\n<p>Kabelgebundene Kopfh\u00f6rer haben oft eine Fernbedienung am Kabel, aber Bluetooth-Kopfh\u00f6rer haben diese Option nicht.<\/p>\n\n\n\n<p>Stattdessen bauen sie einige grundlegende Bedienelemente zusammen mit einem Mikrofon in einen der Ohrh\u00f6rer ein. Dies kann in Form von Tasten oder Ber\u00fchrungssensoren geschehen. Es kann auch eine Taste sein, um die Sprachsteuerung zu aktivieren.<\/p>\n\n\n\n<p>Zur Steuerung von AirPods startet ein Doppeltipp Siri. Von dort aus verwenden Sie Befehle wie \u201cLautst\u00e4rke erh\u00f6hen\u201d oder \u201cSpur \u00fcberspringen\u201d, um Ihre Musik zu steuern.<\/p>\n\n\n\n<p>Die Zug\u00e4nglichkeit der Bedienelemente ist etwas, das Sie immer testen sollten, wenn Sie neue Kopfh\u00f6rer kaufen oder behalten. Das Design und Layout der Tasten wird manchmal mehr von der \u00c4sthetik als von der Zweckm\u00e4\u00dfigkeit bestimmt. Sie sind nicht immer leicht zu finden, wenn man sie allein ber\u00fchrt, besonders wenn man im Fitnessstudio ist.<\/p>\n\n\n\n<h4 class=\"wp-block-heading\">Formfaktor und Gr\u00f6\u00dfe<\/h4>\n\n\n\n<p>Drahtlose Kopfh\u00f6rer gibt es in den drei Standardstilen: Over-Ear, On-Ear und In-Ear. Die ersten beiden sehen aus und funktionieren \u00e4hnlich wie ihre verkabelten Gegenst\u00fccke. Aber letzteres, das Im-Ohr, ist ganz anders.<\/p>\n\n\n\n<p>Ein aktueller Trend im In-Ear-Format gilt f\u00fcr echte drahtlose Ohrh\u00f6rer. Im Gegensatz zu den fr\u00fchesten Modellen, bei denen die beiden Knospen durch ein Kabel verbunden waren, das um den Nacken herumgef\u00fchrt wurde, fehlen vielen Modellen heute die Dr\u00e4hte v\u00f6llig.<\/p>\n\n\n\n<p>Der Umzug begann mit den AirPods von Apple. Heute sind die meisten Hersteller an Bord: Sennheiser, Bose, B&amp;O, Samsung und mehr. Der Jabra Elite 65t gilt als einer der besten In-Ear-Ohrh\u00f6rer.<\/p>\n\n\n\n<p>Diese funktionieren alle nach dem gleichen Prinzip: Sie werden mit einem Ladekoffer geliefert, der Ihre Spielzeit maximiert. Aber es gibt auch Probleme. Latenzzeiten k\u00f6nnen ein Problem sein, daher sind sie nicht alle ideal f\u00fcr Videos. Die Akkulaufzeit ist k\u00fcrzer, mit bis zu f\u00fcnf Stunden. Sie sind teurer als kabelgebundene Ohrh\u00f6rer. Und die winzige Gr\u00f6\u00dfe macht es leichter, sie zu verlieren.<\/p>\n\n\n\n<p>Aber Sie k\u00f6nnen sie nicht schlagen, wenn es um Komfort und Portabilit\u00e4t geht. Der Preis ist gro\u00dfartig, um die besten drahtlosen Kopfh\u00f6rer unter $100 zu testen.<\/p>\n\n\n\n<h4 class=\"wp-block-heading\">Bluetooth-Kopfh\u00f6rer sind die Zukunft<\/h4>\n\n\n\n<p>Ob es dir gef\u00e4llt oder nicht, die Kopfh\u00f6rerbuchsen sind auf dem Weg nach drau\u00dfen. Bluetooth-Kopfh\u00f6rer sind die Zukunft.<\/p>\n\n\n\n<p>Audiophile m\u00f6gen sich f\u00fcr eine Weile widersetzen, aber f\u00fcr die meisten von uns ist Wireless heute mehr als gut genug. Es ist einfach zu bedienen, erschwinglich und die Qualit\u00e4t verbessert sich st\u00e4ndig. Und wenn Ihre Kopfh\u00f6rer immer wieder brechen, weil Sie \u00fcber das Kabel rollen, ist dies vielleicht der ideale Zeitpunkt, um drahtlos zu arbeiten.<\/p>\n\n\n\n<p>Wenn Sie bereit sind, den Sprung in die Welt der drahtlosen Musik zu wagen, werfen Sie einen Blick auf unseren Leitfaden zu den besten Bluetooth-Kopfh\u00f6rern, die Sie gerade kaufen k\u00f6nnen (oder die besten Bluetooth-Headsets speziell f\u00fcr das iPhone).<\/p>\n<\/body>","protected":false},"excerpt":{"rendered":"<p>Apple hat 2016 die Kopfh\u00f6rerbuchse vom iPhone entfernt. Unternehmen wie Google, Motorola und HTC folgten kurz darauf. Pl\u00f6tzlich wurden einst kabellose Kopfh\u00f6rer in den Mainstream gesto\u00dfen. Der Kauf von Bluetooth-Kopfh\u00f6rern kann jedoch verwirrend sein. Von der Klangqualit\u00e4t bis zum Einrichten funktioniert jedes Modell anders. Es gibt viel zu verstehen, also lasst uns anfangen. Arten von &hellip; <\/p>\n<p class=\"link-more\"><a href=\"https:\/\/noahsarklimos.com\/\" class=\"more-link\"><span class=\"screen-reader-text\">\u201eTECHNOLOGIE ERKL\u00c4RT Kaufen Sie drahtlose Kopfh\u00f6rer? 6 Dinge, die Sie wissen m\u00fcssen\u201c <\/span>weiterlesen<\/a><\/p>\n","protected":false},"author":1,"featured_media":0,"parent":0,"menu_order":0,"comment_status":"closed","ping_status":"closed","template":"","meta":{"om_disable_all_campaigns":false,"_monsterinsights_skip_tracking":false,"_monsterinsights_sitenote_active":false,"_monsterinsights_sitenote_note":"","_monsterinsights_sitenote_category":0,"footnotes":""},"class_list":["post-8","page","type-page","status-publish","hentry","entry"],"jetpack_sharing_enabled":true,"_links":{"self":[{"href":"https:\/\/noahsarklimos.com\/index.php\/wp-json\/wp\/v2\/pages\/8"}],"collection":[{"href":"https:\/\/noahsarklimos.com\/index.php\/wp-json\/wp\/v2\/pages"}],"about":[{"href":"https:\/\/noahsarklimos.com\/index.php\/wp-json\/wp\/v2\/types\/page"}],"author":[{"embeddable":true,"href":"https:\/\/noahsarklimos.com\/index.php\/wp-json\/wp\/v2\/users\/1"}],"replies":[{"embeddable":true,"href":"https:\/\/noahsarklimos.com\/index.php\/wp-json\/wp\/v2\/comments?post=8"}],"version-history":[{"count":3,"href":"https:\/\/noahsarklimos.com\/index.php\/wp-json\/wp\/v2\/pages\/8\/revisions"}],"predecessor-version":[{"id":29,"href":"https:\/\/noahsarklimos.com\/index.php\/wp-json\/wp\/v2\/pages\/8\/revisions\/29"}],"wp:attachment":[{"href":"https:\/\/noahsarklimos.com\/index.php\/wp-json\/wp\/v2\/media?parent=8"}],"curies":[{"name":"wp","href":"https:\/\/api.w.org\/{rel}","templated":true}]}}